{"id":474,"date":"2017-03-21T16:51:01","date_gmt":"2017-03-21T15:51:01","guid":{"rendered":"https:\/\/casali.buccelletti.it\/activities\/?page_id=474"},"modified":"2017-03-21T16:51:55","modified_gmt":"2017-03-21T15:51:55","slug":"informativa-cookie","status":"publish","type":"page","link":"https:\/\/casali.buccelletti.it\/activities\/informativa-cookie\/","title":{"rendered":"Informativa cookie"},"content":{"rendered":"<h3>Che cosa sono i cookie<\/h3>\n<p>I cookies sono files che tengono conto delle preferenze dell\u2019utente internet e vengono memorizzati nel browser utilizzato (Internet Explorer, Mozilla Firefox, Google Chrome, ecc.) per migliorare l\u2019esperienza di navigazione e personalizzare contenuti in base alle preferenze dell\u2019utente stesso.<\/p>\n<p>Navigando su questo sito potrete ricevere nel vostro terminale anche cookie di \u201cterze parti\u201d poich\u00e9 sul sito web sono presenti elementi come che risiedono su server diversi da quello sul quale si trova la pagina richiesta.<\/p>\n<p>I cookie sono usati per eseguire autenticazioni informatiche, monitoraggio di sessioni e memorizzazione di informazioni specifiche riguardanti gli utenti che accedono al server per migliorare l&#8217;esperienza di navigazione e renderla il pi\u00f9 personalizzata possibile.<\/p>\n<h3 id=\"cookie-utilizzati-nel-sito\">Cookie utilizzati nel sito<\/h3>\n<p>Questo sito utilizza solo cookie tecnici, rispetto ai quali, ai sensi dell\u2019art. 122 del codice privacy e del Provvedimento del Garante dell\u20198 maggio 2014, non \u00e8 richiesto alcun consenso da parte dell\u2019interessato.<\/p>\n<p>Il sito utilizza<\/p>\n<ul>\n<li>cookie tecnici necessari alla navigazione da parte dell\u2019utente, necessari per il corretto funzionamento di alcune aree del sito. In assenza di tali cookie, il sito o alcune porzioni di esso potrebbero non funzionare correttamente. Pertanto, vengono sempre utilizzati, indipendentemente dalle preferenze dall\u2019utente.<\/li>\n<li>cookie tecnici funzionali, che agevolano la navigazione dell\u2019utente<\/li>\n<li>il cookie tecnico che, fino alla sua scadenza, non mostra il banner con l\u2019informativa breve all\u2019utente che ha gi\u00e0 visitato il sito e accettato il cookie.<\/li>\n<\/ul>\n<p>Tutti i cookie sopra elencati possono essere utilizzati senza chiedere il consenso dell\u2019utente, poich\u00e9 sono strettamente necessari per la fornitura del servizio.<\/p>\n<h3 id=\"cookie-di-terze-parti-utilizzati-nel-sito\">Cookie di terze parti utilizzati nel sito<\/h3>\n<p>Attraverso questo sono installati alcuni cookie di terze parti, anche profilanti, che si attivano cliccando \u201caccetto\u201d sul banner o proseguendo la navigazione nel sito. Riportiamo il dettaglio dei singoli cookie di terze parti ed i link attraverso i quali l\u2019utente pu\u00f2 ricevere maggiori informazioni e richiederne la disattivazione.<\/p>\n<h4 id=\"google-analytics\">GOOGLE ANALYTICS<\/h4>\n<p>Il Sito utilizza Google Analytics, un servizio di analisi web fornito da Google Inc. che utilizza dei cookie che vengono depositati sul computer dell\u2019utente per consentire analisi statistiche in forma aggregata sull\u2019utilizzo del sito. I Dati generati da Google Analytics sono conservati da Google cos\u00ec come indicato nella Informativa reperibile <a href=\"https:\/\/developers.google.com\/analytics\/devguides\/collection\/analyticsjs\/cookie-usage\" target=\"_blank\">qui<\/a><\/p>\n<p>Per consultare l\u2019informativa privacy della societ\u00e0 Google Inc., titolare autonomo del trattamento dei dati relativi al servizio Google Analytics cliccare <a href=\"http:\/\/www.google.com\/intl\/en\/analytics\/privacyoverview.html\" target=\"_blank\">qui<\/a><\/p>\n<p>Attraverso questo <a href=\"https:\/\/tools.google.com\/dlpage\/gaoptout?hl=it\" target=\"_blank\">link<\/a> Google rende disponibile il componente aggiuntivo del browser per la disattivazione di Google Analytics.<\/p>\n<h4 id=\"social-network\">SOCIAL NETWORK<\/h4>\n<p>I Social buttons sono pulsanti presenti sul sito consentono agli utenti che stanno navigando di interagire con un \u201cclick\u201d direttamente con i social network.<\/p>\n<p>Sono utilizzati da questo sito come link che rinviano agli account del titolare o del navigatore sul social network individuato. Tramite l\u2019utilizzo di tali pulsanti non sono pertanto installati su questo sito cookie di terze parti. Si riportano i link ove l\u2019utente pu\u00f2 prendere visione dell\u2019informativa privacy relativa alla gestione dei dati da parte dei Social cui i pulsanti rinviano.<\/p>\n<p><a href=\"https:\/\/support.twitter.com\/articles\/20170519-uso-dei-cookie-e-di-altre-tecnologie-simili-da-parte-di-twitter\" target=\"_blank\">Twitter Policy Link<\/a><\/p>\n<p><a href=\"https:\/\/www.facebook.com\/help\/cookies\" target=\"_blank\">Facebook Policy Link<\/a><\/p>\n<p><a href=\"https:\/\/www.linkedin.com\/legal\/cookie_policy\" target=\"_blank\">Linkedin Policy Link<\/a><\/p>\n<p><a href=\"http:\/\/www.google.com\/intl\/it\/policies\/privacy\" target=\"_blank\">Google+ Policy Link<\/a><\/p>\n<p><a href=\"https:\/\/about.pinterest.com\/en\/privacy-policy\" target=\"_blank\">Pinterest Policy Link<\/a><\/p>\n<h4 id=\"web-fonts\">WEB FONTS<\/h4>\n<p>Google Fonts \u00e8 un servizio di Google Inc. che permette di inglobare e visualizzare stili di carattere personalizzati. Pu\u00f2 raccogliere nei cookies dati di utilizzo.<\/p>\n<p><a href=\"http:\/\/www.google.it\/intl\/en\/policies\/privacy\" target=\"_blank\">Google Policy Link<\/a><\/p>\n<h4 id=\"youtube-e-vimeo\">YOUTUBE E VIMEO<\/h4>\n<p>YouTube (gestito da Google Inc.) e Vimeo sono servizi dedicati alla visualizzazione di contenuti video con la possibilit\u00e0 di integrare i filmati all\u2019interno delle pagine del proprio sito. Entrambi raccolgono nei cookies dati di utilizzo.<\/p>\n<p><a href=\"http:\/\/www.google.it\/intl\/it\/policies\/privacy\" target=\"_blank\">YouTube Policy Link<\/a><\/p>\n<p><a href=\"https:\/\/vimeo.com\/privacy\" target=\"_blank\">Vimeo Policy Link<\/a><\/p>\n<h3 id=\"modalit-del-trattamento\">Modalit\u00e0 del trattamento<\/h3>\n<p>Il trattamento viene effettuato con strumenti automatizzati e non viene effettuata alcuna diffusione o comunicazione.<\/p>\n<h3 id=\"conferimento-dei-dati\">Conferimento dei dati<\/h3>\n<p>Fatta eccezione per i cookie tecnici strettamente necessari alla normale navigazione, il conferimento dei dati \u00e8 rimesso alla volont\u00e0 dell\u2019interessato che decida di navigare sul sito dopo aver preso visione dell\u2019informativa breve contenuta nell\u2019apposito banner e di usufruire dei servizi che comportano l\u2019installazione di cookie.<\/p>\n<h3 id=\"disabilitazione-dei-cookie\">Disabilitazione dei cookie<\/h3>\n<p>Fermo restando quanto sopra indicato in ordine ai cookie strettamente necessari alla navigazione, l\u2019utente pu\u00f2 eliminare gli altri cookie direttamente tramite il proprio browser. Ciascun browser presenta procedure diverse per la gestione delle impostazioni. L\u2019utente pu\u00f2 ottenere istruzioni specifiche attraverso i link sottostanti.<\/p>\n<p><a href=\"http:\/\/windows.microsoft.com\/it-it\/windows7\/block-enable-or-allow-cookies\" target=\"_blank\">Microsoft Internet Explorer<\/a><\/p>\n<p><a href=\"https:\/\/support.google.com\/chrome\/answer\/95647?hl=it&amp;p=cpn_cookies\" target=\"_blank\">Google Chrome<\/a><\/p>\n<p><a href=\"https:\/\/support.mozilla.org\/it\/kb\/Attivare%20e%20disattivare%20i%20cookie?redirectlocale=en-US&amp;redirectslug=Enabling+and+disabling+cookies\" target=\"_blank\">Mozilla Firefox<\/a><\/p>\n<p><a href=\"https:\/\/support.apple.com\/kb\/PH17191?viewlocale=it_IT&amp;locale=it_IT\" target=\"_blank\">Apple Safari<\/a><\/p>\n<p><a href=\"http:\/\/help.opera.com\/Windows\/10.00\/it\/cookies.html\" target=\"_blank\">Opera<\/a><\/p>\n<p>La disattivazione dei cookie di terze parti \u00e8 inoltre possibile attraverso le modalit\u00e0 rese disponibili direttamente dalla societ\u00e0 terza titolare per detto trattamento, come indicato ai link riportati nel paragrafo \u201cCookie di terze parti utilizzati nel sito\u201d.<\/p>\n<h3 id=\"diritti-dell-interessato\">Diritti dell\u2019interessato<\/h3>\n<p>L\u2019interessato potr\u00e0 far valere in ogni momento, rivolgendosi al titolare del trattamento tramite l\u2019invio di una mail i diritti di cui all\u2019art. 7 del D.Lgs. 30 giugno 2003 n. 196.<\/p>\n","protected":false},"excerpt":{"rendered":"<p>Che cosa sono i cookie I cookies sono files che tengono conto delle preferenze dell\u2019utente internet e vengono memorizzati nel browser utilizzato (Internet Explorer, Mozilla Firefox, Google Chrome, ecc.) per migliorare l\u2019esperienza di navigazione e personalizzare contenuti in base alle preferenze dell\u2019utente stesso. Navigando su questo sito potrete ricevere nel vostro terminale anche cookie di [&hellip;]<\/p>\n","protected":false},"author":1,"featured_media":426,"parent":0,"menu_order":0,"comment_status":"closed","ping_status":"closed","template":"page-templates\/cookie-policy.php","meta":{"ngg_post_thumbnail":0,"footnotes":""},"class_list":["post-474","page","type-page","status-publish","has-post-thumbnail","hentry"],"acf":[],"yoast_head":"<!-- This site is optimized with the Yoast SEO plugin v26.8 - https:\/\/yoast.com\/product\/yoast-seo-wordpress\/ -->\n<title>Informativa Cookies Buccelletti Family Estate<\/title>\n<meta name=\"robots\" content=\"index, follow, max-snippet:-1, max-image-preview:large, max-video-preview:-1\" \/>\n<link rel=\"canonical\" href=\"https:\/\/casali.buccelletti.it\/activities\/informativa-cookie\/\" \/>\n<meta property=\"og:locale\" content=\"it_IT\" \/>\n<meta property=\"og:type\" content=\"article\" \/>\n<meta property=\"og:title\" content=\"Informativa Cookies Buccelletti Family Estate\" \/>\n<meta property=\"og:description\" content=\"Che cosa sono i cookie I cookies sono files che tengono conto delle preferenze dell\u2019utente internet e vengono memorizzati nel browser utilizzato (Internet Explorer, Mozilla Firefox, Google Chrome, ecc.) per migliorare l\u2019esperienza di navigazione e personalizzare contenuti in base alle preferenze dell\u2019utente stesso. Navigando su questo sito potrete ricevere nel vostro terminale anche cookie di [&hellip;]\" \/>\n<meta property=\"og:url\" content=\"https:\/\/casali.buccelletti.it\/activities\/informativa-cookie\/\" \/>\n<meta property=\"og:site_name\" content=\"Activities\" \/>\n<meta property=\"article:publisher\" content=\"https:\/\/www.facebook.com\/famigliabuccelletti\/\" \/>\n<meta property=\"article:modified_time\" content=\"2017-03-21T15:51:55+00:00\" \/>\n<meta property=\"og:image\" content=\"https:\/\/casali.buccelletti.it\/activities\/wp-content\/uploads\/sites\/5\/2017\/03\/cipressi-form.jpg\" \/>\n\t<meta property=\"og:image:width\" content=\"1920\" \/>\n\t<meta property=\"og:image:height\" content=\"1280\" \/>\n\t<meta property=\"og:image:type\" content=\"image\/jpeg\" \/>\n<meta name=\"twitter:card\" content=\"summary_large_image\" \/>\n<meta name=\"twitter:label1\" content=\"Tempo di lettura stimato\" \/>\n\t<meta name=\"twitter:data1\" content=\"4 minuti\" \/>\n<script type=\"application\/ld+json\" class=\"yoast-schema-graph\">{\"@context\":\"https:\/\/schema.org\",\"@graph\":[{\"@type\":\"WebPage\",\"@id\":\"https:\/\/casali.buccelletti.it\/activities\/informativa-cookie\/\",\"url\":\"https:\/\/casali.buccelletti.it\/activities\/informativa-cookie\/\",\"name\":\"Informativa Cookies Buccelletti Family Estate\",\"isPartOf\":{\"@id\":\"https:\/\/casali.buccelletti.it\/activities\/#website\"},\"primaryImageOfPage\":{\"@id\":\"https:\/\/casali.buccelletti.it\/activities\/informativa-cookie\/#primaryimage\"},\"image\":{\"@id\":\"https:\/\/casali.buccelletti.it\/activities\/informativa-cookie\/#primaryimage\"},\"thumbnailUrl\":\"https:\/\/casali.buccelletti.it\/activities\/wp-content\/uploads\/sites\/5\/2017\/03\/cipressi-form.jpg\",\"datePublished\":\"2017-03-21T15:51:01+00:00\",\"dateModified\":\"2017-03-21T15:51:55+00:00\",\"breadcrumb\":{\"@id\":\"https:\/\/casali.buccelletti.it\/activities\/informativa-cookie\/#breadcrumb\"},\"inLanguage\":\"it-IT\",\"potentialAction\":[{\"@type\":\"ReadAction\",\"target\":[\"https:\/\/casali.buccelletti.it\/activities\/informativa-cookie\/\"]}]},{\"@type\":\"ImageObject\",\"inLanguage\":\"it-IT\",\"@id\":\"https:\/\/casali.buccelletti.it\/activities\/informativa-cookie\/#primaryimage\",\"url\":\"https:\/\/casali.buccelletti.it\/activities\/wp-content\/uploads\/sites\/5\/2017\/03\/cipressi-form.jpg\",\"contentUrl\":\"https:\/\/casali.buccelletti.it\/activities\/wp-content\/uploads\/sites\/5\/2017\/03\/cipressi-form.jpg\",\"width\":1920,\"height\":1280,\"caption\":\"Attivit\u00e0, servizi, tour, degustazioni e corsi di cucina in Toscana\"},{\"@type\":\"BreadcrumbList\",\"@id\":\"https:\/\/casali.buccelletti.it\/activities\/informativa-cookie\/#breadcrumb\",\"itemListElement\":[{\"@type\":\"ListItem\",\"position\":1,\"name\":\"Home\",\"item\":\"https:\/\/casali.buccelletti.it\/activities\/\"},{\"@type\":\"ListItem\",\"position\":2,\"name\":\"Informativa cookie\"}]},{\"@type\":\"WebSite\",\"@id\":\"https:\/\/casali.buccelletti.it\/activities\/#website\",\"url\":\"https:\/\/casali.buccelletti.it\/activities\/\",\"name\":\"Activities\",\"description\":\"Ecco un altro sito Famiglia Buccelletti Sites\",\"publisher\":{\"@id\":\"https:\/\/casali.buccelletti.it\/activities\/#organization\"},\"potentialAction\":[{\"@type\":\"SearchAction\",\"target\":{\"@type\":\"EntryPoint\",\"urlTemplate\":\"https:\/\/casali.buccelletti.it\/activities\/?s={search_term_string}\"},\"query-input\":{\"@type\":\"PropertyValueSpecification\",\"valueRequired\":true,\"valueName\":\"search_term_string\"}}],\"inLanguage\":\"it-IT\"},{\"@type\":\"Organization\",\"@id\":\"https:\/\/casali.buccelletti.it\/activities\/#organization\",\"name\":\"Famiglia Buccelletti\",\"url\":\"https:\/\/casali.buccelletti.it\/activities\/\",\"logo\":{\"@type\":\"ImageObject\",\"inLanguage\":\"it-IT\",\"@id\":\"https:\/\/casali.buccelletti.it\/activities\/#\/schema\/logo\/image\/\",\"url\":\"https:\/\/casali.buccelletti.it\/activities\/wp-content\/uploads\/sites\/5\/2017\/04\/logo-buccelletti-casali-grande.png\",\"contentUrl\":\"https:\/\/casali.buccelletti.it\/activities\/wp-content\/uploads\/sites\/5\/2017\/04\/logo-buccelletti-casali-grande.png\",\"width\":600,\"height\":430,\"caption\":\"Famiglia Buccelletti\"},\"image\":{\"@id\":\"https:\/\/casali.buccelletti.it\/activities\/#\/schema\/logo\/image\/\"},\"sameAs\":[\"https:\/\/www.facebook.com\/famigliabuccelletti\/\",\"https:\/\/it.pinterest.com\/buccelletti\/\"]}]}<\/script>\n<!-- \/ Yoast SEO plugin. -->","yoast_head_json":{"title":"Informativa Cookies Buccelletti Family Estate","robots":{"index":"index","follow":"follow","max-snippet":"max-snippet:-1","max-image-preview":"max-image-preview:large","max-video-preview":"max-video-preview:-1"},"canonical":"https:\/\/casali.buccelletti.it\/activities\/informativa-cookie\/","og_locale":"it_IT","og_type":"article","og_title":"Informativa Cookies Buccelletti Family Estate","og_description":"Che cosa sono i cookie I cookies sono files che tengono conto delle preferenze dell\u2019utente internet e vengono memorizzati nel browser utilizzato (Internet Explorer, Mozilla Firefox, Google Chrome, ecc.) per migliorare l\u2019esperienza di navigazione e personalizzare contenuti in base alle preferenze dell\u2019utente stesso. Navigando su questo sito potrete ricevere nel vostro terminale anche cookie di [&hellip;]","og_url":"https:\/\/casali.buccelletti.it\/activities\/informativa-cookie\/","og_site_name":"Activities","article_publisher":"https:\/\/www.facebook.com\/famigliabuccelletti\/","article_modified_time":"2017-03-21T15:51:55+00:00","og_image":[{"width":1920,"height":1280,"url":"https:\/\/casali.buccelletti.it\/activities\/wp-content\/uploads\/sites\/5\/2017\/03\/cipressi-form.jpg","type":"image\/jpeg"}],"twitter_card":"summary_large_image","twitter_misc":{"Tempo di lettura stimato":"4 minuti"},"schema":{"@context":"https:\/\/schema.org","@graph":[{"@type":"WebPage","@id":"https:\/\/casali.buccelletti.it\/activities\/informativa-cookie\/","url":"https:\/\/casali.buccelletti.it\/activities\/informativa-cookie\/","name":"Informativa Cookies Buccelletti Family Estate","isPartOf":{"@id":"https:\/\/casali.buccelletti.it\/activities\/#website"},"primaryImageOfPage":{"@id":"https:\/\/casali.buccelletti.it\/activities\/informativa-cookie\/#primaryimage"},"image":{"@id":"https:\/\/casali.buccelletti.it\/activities\/informativa-cookie\/#primaryimage"},"thumbnailUrl":"https:\/\/casali.buccelletti.it\/activities\/wp-content\/uploads\/sites\/5\/2017\/03\/cipressi-form.jpg","datePublished":"2017-03-21T15:51:01+00:00","dateModified":"2017-03-21T15:51:55+00:00","breadcrumb":{"@id":"https:\/\/casali.buccelletti.it\/activities\/informativa-cookie\/#breadcrumb"},"inLanguage":"it-IT","potentialAction":[{"@type":"ReadAction","target":["https:\/\/casali.buccelletti.it\/activities\/informativa-cookie\/"]}]},{"@type":"ImageObject","inLanguage":"it-IT","@id":"https:\/\/casali.buccelletti.it\/activities\/informativa-cookie\/#primaryimage","url":"https:\/\/casali.buccelletti.it\/activities\/wp-content\/uploads\/sites\/5\/2017\/03\/cipressi-form.jpg","contentUrl":"https:\/\/casali.buccelletti.it\/activities\/wp-content\/uploads\/sites\/5\/2017\/03\/cipressi-form.jpg","width":1920,"height":1280,"caption":"Attivit\u00e0, servizi, tour, degustazioni e corsi di cucina in Toscana"},{"@type":"BreadcrumbList","@id":"https:\/\/casali.buccelletti.it\/activities\/informativa-cookie\/#breadcrumb","itemListElement":[{"@type":"ListItem","position":1,"name":"Home","item":"https:\/\/casali.buccelletti.it\/activities\/"},{"@type":"ListItem","position":2,"name":"Informativa cookie"}]},{"@type":"WebSite","@id":"https:\/\/casali.buccelletti.it\/activities\/#website","url":"https:\/\/casali.buccelletti.it\/activities\/","name":"Activities","description":"Ecco un altro sito Famiglia Buccelletti Sites","publisher":{"@id":"https:\/\/casali.buccelletti.it\/activities\/#organization"},"potentialAction":[{"@type":"SearchAction","target":{"@type":"EntryPoint","urlTemplate":"https:\/\/casali.buccelletti.it\/activities\/?s={search_term_string}"},"query-input":{"@type":"PropertyValueSpecification","valueRequired":true,"valueName":"search_term_string"}}],"inLanguage":"it-IT"},{"@type":"Organization","@id":"https:\/\/casali.buccelletti.it\/activities\/#organization","name":"Famiglia Buccelletti","url":"https:\/\/casali.buccelletti.it\/activities\/","logo":{"@type":"ImageObject","inLanguage":"it-IT","@id":"https:\/\/casali.buccelletti.it\/activities\/#\/schema\/logo\/image\/","url":"https:\/\/casali.buccelletti.it\/activities\/wp-content\/uploads\/sites\/5\/2017\/04\/logo-buccelletti-casali-grande.png","contentUrl":"https:\/\/casali.buccelletti.it\/activities\/wp-content\/uploads\/sites\/5\/2017\/04\/logo-buccelletti-casali-grande.png","width":600,"height":430,"caption":"Famiglia Buccelletti"},"image":{"@id":"https:\/\/casali.buccelletti.it\/activities\/#\/schema\/logo\/image\/"},"sameAs":["https:\/\/www.facebook.com\/famigliabuccelletti\/","https:\/\/it.pinterest.com\/buccelletti\/"]}]}},"_links":{"self":[{"href":"https:\/\/casali.buccelletti.it\/activities\/wp-json\/wp\/v2\/pages\/474","targetHints":{"allow":["GET"]}}],"collection":[{"href":"https:\/\/casali.buccelletti.it\/activities\/wp-json\/wp\/v2\/pages"}],"about":[{"href":"https:\/\/casali.buccelletti.it\/activities\/wp-json\/wp\/v2\/types\/page"}],"author":[{"embeddable":true,"href":"https:\/\/casali.buccelletti.it\/activities\/wp-json\/wp\/v2\/users\/1"}],"replies":[{"embeddable":true,"href":"https:\/\/casali.buccelletti.it\/activities\/wp-json\/wp\/v2\/comments?post=474"}],"version-history":[{"count":1,"href":"https:\/\/casali.buccelletti.it\/activities\/wp-json\/wp\/v2\/pages\/474\/revisions"}],"predecessor-version":[{"id":475,"href":"https:\/\/casali.buccelletti.it\/activities\/wp-json\/wp\/v2\/pages\/474\/revisions\/475"}],"wp:featuredmedia":[{"embeddable":true,"href":"https:\/\/casali.buccelletti.it\/activities\/wp-json\/wp\/v2\/media\/426"}],"wp:attachment":[{"href":"https:\/\/casali.buccelletti.it\/activities\/wp-json\/wp\/v2\/media?parent=474"}],"curies":[{"name":"wp","href":"https:\/\/api.w.org\/{rel}","templated":true}]}}